{"id":5686,"date":"2026-01-24T00:10:57","date_gmt":"2026-01-24T00:10:57","guid":{"rendered":"https:\/\/coffeedelice.fr\/boutique\/?page_id=5686"},"modified":"2026-01-24T00:10:58","modified_gmt":"2026-01-24T00:10:58","slug":"mentions-legales","status":"publish","type":"page","link":"https:\/\/coffeedelice.fr\/boutique\/mentions-legales\/","title":{"rendered":"Mentions l\u00e9gales"},"content":{"rendered":"\n<p><strong>Mentions l\u00e9gales<\/strong><\/p>\n\n\n\n<p>Conform\u00e9ment \u00e0 l\u2019article 6 de la loi n\u00b02004-575 du 21 juin 2004 pour la confiance dans l\u2019\u00e9conomie num\u00e9rique, il est pr\u00e9cis\u00e9 aux utilisateurs du site l\u2019identit\u00e9 de l\u2019\u00e9diteur.<br>Le site est \u00e9dit\u00e9 par <strong>COFFEE D\u00c9LICE<\/strong>, soci\u00e9t\u00e9 par actions simplifi\u00e9e (SAS) au capital de 100 \u20ac, immatricul\u00e9e au RCS sous le num\u00e9ro <strong>SIREN 991 888 157<\/strong>, SIRET <strong>991 888 157 00013<\/strong>, num\u00e9ro de TVA intracommunautaire <strong>FR42991888157<\/strong>, dont le si\u00e8ge social est situ\u00e9 <strong>14 route d\u00e9partementale 24 \u2013 Route de Vins, 83170 Brignoles, France<\/strong>.<br>Activit\u00e9 : restauration traditionnelle et commerce de caf\u00e9 et de th\u00e9 sans vente d\u2019alcool (code APE 5610A).<br>Directeur de la publication : <strong>S\u00e9bastien Venzal<\/strong>, Pr\u00e9sident.<br>Contact : <strong><a>coffeedelice83@gmail.com<\/a><\/strong> \u2013 <strong>06 87 99 11 32<\/strong>.<\/p>\n\n\n\n<p>Le site est h\u00e9berg\u00e9 par <strong>Hostinger International Ltd<\/strong>, Hostinger Pl. 5, 3rd floor, 08130 Vilnius, Lituanie (serveurs situ\u00e9s en Allemagne).<\/p>\n\n\n\n<p>Les produits propos\u00e9s \u00e0 la vente sont des produits alimentaires. Les conditions de vente, de paiement, de livraison, de remboursement et l\u2019exclusion du droit de r\u00e9tractation applicable aux denr\u00e9es p\u00e9rissables sont d\u00e9taill\u00e9es dans les <strong>Conditions G\u00e9n\u00e9rales de Vente<\/strong> accessibles sur le site.<br>Les donn\u00e9es personnelles collect\u00e9es dans le cadre des commandes et de la relation commerciale sont trait\u00e9es conform\u00e9ment \u00e0 la r\u00e9glementation en vigueur et d\u00e9crites dans la <strong>Politique de confidentialit\u00e9<\/strong>.<br>Conform\u00e9ment aux articles L.612-1 et suivants du Code de la consommation, le client peut recourir gratuitement \u00e0 un m\u00e9diateur de la consommation dont les coordonn\u00e9es sont pr\u00e9cis\u00e9es sur le site.<\/p>\n\n\n\n<p><\/p>\n","protected":false},"excerpt":{"rendered":"<p>Mentions l\u00e9gales Conform\u00e9ment \u00e0 l\u2019article 6 de la loi n\u00b02004-575 du 21 juin 2004 pour la confiance dans l\u2019\u00e9conomie num\u00e9rique, il est pr\u00e9cis\u00e9 aux utilisateurs du site l\u2019identit\u00e9 de l\u2019\u00e9diteur.Le site est \u00e9dit\u00e9 par COFFEE D\u00c9LICE, soci\u00e9t\u00e9 par actions simplifi\u00e9e (SAS) au capital de 100 \u20ac, immatricul\u00e9e au RCS sous le num\u00e9ro SIREN 991 888 [&hellip;]<\/p>\n","protected":false},"author":1,"featured_media":0,"parent":0,"menu_order":0,"comment_status":"closed","ping_status":"closed","template":"","meta":{"_uag_custom_page_level_css":"","site-sidebar-layout":"default","site-content-layout":"","ast-site-content-layout":"default","site-content-style":"default","site-sidebar-style":"default","ast-global-header-display":"","ast-banner-title-visibility":"","ast-main-header-display":"","ast-hfb-above-header-display":"","ast-hfb-below-header-display":"","ast-hfb-mobile-header-display":"","site-post-title":"","ast-breadcrumbs-content":"","ast-featured-img":"","footer-sml-layout":"","ast-disable-related-posts":"","theme-transparent-header-meta":"","adv-header-id-meta":"","stick-header-meta":"","header-above-stick-meta":"","header-main-stick-meta":"","header-below-stick-meta":"","astra-migrate-meta-layouts":"set","ast-page-background-enabled":"default","ast-page-background-meta":{"desktop":{"background-color":"","background-image":"","background-repeat":"repeat","background-position":"center center","background-size":"auto","background-attachment":"scroll","background-type":"","background-media":"","overlay-type":"","overlay-color":"","overlay-opacity":"","overlay-gradient":""},"tablet":{"background-color":"","background-image":"","background-repeat":"repeat","background-position":"center center","background-size":"auto","background-attachment":"scroll","background-type":"","background-media":"","overlay-type":"","overlay-color":"","overlay-opacity":"","overlay-gradient":""},"mobile":{"background-color":"","background-image":"","background-repeat":"repeat","background-position":"center center","background-size":"auto","background-attachment":"scroll","background-type":"","background-media":"","overlay-type":"","overlay-color":"","overlay-opacity":"","overlay-gradient":""}},"ast-content-background-meta":{"desktop":{"background-color":"var(--ast-global-color-5)","background-image":"","background-repeat":"repeat","background-position":"center center","background-size":"auto","background-attachment":"scroll","background-type":"","background-media":"","overlay-type":"","overlay-color":"","overlay-opacity":"","overlay-gradient":""},"tablet":{"background-color":"var(--ast-global-color-5)","background-image":"","background-repeat":"repeat","background-position":"center center","background-size":"auto","background-attachment":"scroll","background-type":"","background-media":"","overlay-type":"","overlay-color":"","overlay-opacity":"","overlay-gradient":""},"mobile":{"background-color":"var(--ast-global-color-5)","background-image":"","background-repeat":"repeat","background-position":"center center","background-size":"auto","background-attachment":"scroll","background-type":"","background-media":"","overlay-type":"","overlay-color":"","overlay-opacity":"","overlay-gradient":""}},"footnotes":""},"class_list":["post-5686","page","type-page","status-publish","hentry"],"_hostinger_reach_plugin_has_subscription_block":false,"_hostinger_reach_plugin_is_elementor":false,"uagb_featured_image_src":{"full":false,"thumbnail":false,"medium":false,"medium_large":false,"large":false,"1536x1536":false,"2048x2048":false,"woocommerce_thumbnail":false,"woocommerce_single":false,"woocommerce_gallery_thumbnail":false},"uagb_author_info":{"display_name":"salleqg.83","author_link":"https:\/\/coffeedelice.fr\/boutique\/author\/salleqg-83\/"},"uagb_comment_info":0,"uagb_excerpt":"Mentions l\u00e9gales Conform\u00e9ment \u00e0 l\u2019article 6 de la loi n\u00b02004-575 du 21 juin 2004 pour la confiance dans l\u2019\u00e9conomie num\u00e9rique, il est pr\u00e9cis\u00e9 aux utilisateurs du site l\u2019identit\u00e9 de l\u2019\u00e9diteur.Le site est \u00e9dit\u00e9 par COFFEE D\u00c9LICE, soci\u00e9t\u00e9 par actions simplifi\u00e9e (SAS) au capital de 100 \u20ac, immatricul\u00e9e au RCS sous le num\u00e9ro SIREN 991 888\u2026","jetpack_sharing_enabled":true,"_links":{"self":[{"href":"https:\/\/coffeedelice.fr\/boutique\/wp-json\/wp\/v2\/pages\/5686","targetHints":{"allow":["GET"]}}],"collection":[{"href":"https:\/\/coffeedelice.fr\/boutique\/wp-json\/wp\/v2\/pages"}],"about":[{"href":"https:\/\/coffeedelice.fr\/boutique\/wp-json\/wp\/v2\/types\/page"}],"author":[{"embeddable":true,"href":"https:\/\/coffeedelice.fr\/boutique\/wp-json\/wp\/v2\/users\/1"}],"replies":[{"embeddable":true,"href":"https:\/\/coffeedelice.fr\/boutique\/wp-json\/wp\/v2\/comments?post=5686"}],"version-history":[{"count":1,"href":"https:\/\/coffeedelice.fr\/boutique\/wp-json\/wp\/v2\/pages\/5686\/revisions"}],"predecessor-version":[{"id":5687,"href":"https:\/\/coffeedelice.fr\/boutique\/wp-json\/wp\/v2\/pages\/5686\/revisions\/5687"}],"wp:attachment":[{"href":"https:\/\/coffeedelice.fr\/boutique\/wp-json\/wp\/v2\/media?parent=5686"}],"curies":[{"name":"wp","href":"https:\/\/api.w.org\/{rel}","templated":true}]}}