{"id":5644,"date":"2026-01-23T21:07:45","date_gmt":"2026-01-23T21:07:45","guid":{"rendered":"https:\/\/coffeedelice.fr\/boutique\/?post_type=product&#038;p=5644"},"modified":"2026-01-24T03:19:35","modified_gmt":"2026-01-24T03:19:35","slug":"the-noir-english-breakfast","status":"publish","type":"product","link":"https:\/\/coffeedelice.fr\/boutique\/product\/the-noir-english-breakfast\/","title":{"rendered":"Th\u00e9 noir \u2013 English breakfast"},"content":{"rendered":"<div class=\"flex max-w-full flex-col grow\">\n<div class=\"min-h-8 text-message relative flex w-full flex-col items-end gap-2 text-start break-words whitespace-normal [.text-message+&amp;]:mt-1\" dir=\"auto\" data-message-author-role=\"assistant\" data-message-id=\"48f46bf0-4633-4852-917c-1e5e36cd8918\" data-message-model-slug=\"gpt-5-2-instant\">\n<div class=\"flex w-full flex-col gap-1 empty:hidden first:pt-[1px]\">\n<div class=\"markdown prose dark:prose-invert w-full wrap-break-word light markdown-new-styling\">\n<p data-start=\"0\" data-end=\"287\" data-is-last-node=\"\" data-is-only-node=\"\">Une couleur de tasse brun cuivr\u00e9 fonc\u00e9 et un bouquet plein d\u2019\u00e9pices.<br data-start=\"68\" data-end=\"71\" \/>Un th\u00e9 noir English Breakfast au caract\u00e8re intense et g\u00e9n\u00e9reux, \u00e0 la liqueur riche et profonde. Puissant et \u00e9quilibr\u00e9, il offre une tasse cors\u00e9e, id\u00e9ale pour bien d\u00e9marrer la journ\u00e9e, nature ou avec un nuage de lait.<\/p>\n<\/div>\n<\/div>\n<\/div>\n<\/div>\n","protected":false},"excerpt":{"rendered":"<p>Une couleur de tasse brun cuivr\u00e9 fonc\u00e9 et un bouquet plein d\u2019\u00e9pices.Un th\u00e9 noir English Breakfast au caract\u00e8re intense et g\u00e9n\u00e9reux, \u00e0 la liqueur riche et profonde. Puissant et \u00e9quilibr\u00e9, il offre une tasse cors\u00e9e, id\u00e9ale pour bien d\u00e9marrer la journ\u00e9e, nature ou avec un nuage de lait.<\/p>\n","protected":false},"featured_media":5822,"comment_status":"open","ping_status":"closed","template":"","meta":{"_uag_custom_page_level_css":"","site-sidebar-layout":"default","site-content-layout":"","ast-site-content-layout":"default","site-content-style":"default","site-sidebar-style":"default","ast-global-header-display":"","ast-banner-title-visibility":"","ast-main-header-display":"","ast-hfb-above-header-display":"","ast-hfb-below-header-display":"","ast-hfb-mobile-header-display":"","site-post-title":"","ast-breadcrumbs-content":"","ast-featured-img":"","footer-sml-layout":"","ast-disable-related-posts":"","theme-transparent-header-meta":"default","adv-header-id-meta":"","stick-header-meta":"","header-above-stick-meta":"","header-main-stick-meta":"","header-below-stick-meta":"","astra-migrate-meta-layouts":"set","ast-page-background-enabled":"default","ast-page-background-meta":{"desktop":{"background-color":"","background-image":"","background-repeat":"repeat","background-position":"center center","background-size":"auto","background-attachment":"scroll","background-type":"","background-media":"","overlay-type":"","overlay-color":"","overlay-opacity":"","overlay-gradient":""},"tablet":{"background-color":"","background-image":"","background-repeat":"repeat","background-position":"center center","background-size":"auto","background-attachment":"scroll","background-type":"","background-media":"","overlay-type":"","overlay-color":"","overlay-opacity":"","overlay-gradient":""},"mobile":{"background-color":"","background-image":"","background-repeat":"repeat","background-position":"center center","background-size":"auto","background-attachment":"scroll","background-type":"","background-media":"","overlay-type":"","overlay-color":"","overlay-opacity":"","overlay-gradient":""}},"ast-content-background-meta":{"desktop":{"background-color":"var(--ast-global-color-5)","background-image":"","background-repeat":"repeat","background-position":"center center","background-size":"auto","background-attachment":"scroll","background-type":"","background-media":"","overlay-type":"","overlay-color":"","overlay-opacity":"","overlay-gradient":""},"tablet":{"background-color":"var(--ast-global-color-5)","background-image":"","background-repeat":"repeat","background-position":"center center","background-size":"auto","background-attachment":"scroll","background-type":"","background-media":"","overlay-type":"","overlay-color":"","overlay-opacity":"","overlay-gradient":""},"mobile":{"background-color":"var(--ast-global-color-5)","background-image":"","background-repeat":"repeat","background-position":"center center","background-size":"auto","background-attachment":"scroll","background-type":"","background-media":"","overlay-type":"","overlay-color":"","overlay-opacity":"","overlay-gradient":""}}},"product_brand":[],"product_cat":[45,35],"product_tag":[],"class_list":{"0":"post-5644","1":"product","2":"type-product","3":"status-publish","4":"has-post-thumbnail","6":"product_cat-the-noir","7":"product_cat-thes-et-infusions","8":"desktop-align-center","9":"tablet-align-center","10":"mobile-align-center","12":"first","13":"instock","14":"sold-individually","15":"taxable","16":"shipping-taxable","17":"purchasable","18":"product-type-variable"},"uagb_featured_image_src":{"full":["https:\/\/coffeedelice.fr\/boutique\/wp-content\/uploads\/2026\/01\/image-11.png",600,600,false],"thumbnail":["https:\/\/coffeedelice.fr\/boutique\/wp-content\/uploads\/2026\/01\/image-11-150x150.png",150,150,true],"medium":["https:\/\/coffeedelice.fr\/boutique\/wp-content\/uploads\/2026\/01\/image-11-300x300.png",300,300,true],"medium_large":["https:\/\/coffeedelice.fr\/boutique\/wp-content\/uploads\/2026\/01\/image-11.png",600,600,false],"large":["https:\/\/coffeedelice.fr\/boutique\/wp-content\/uploads\/2026\/01\/image-11.png",600,600,false],"1536x1536":["https:\/\/coffeedelice.fr\/boutique\/wp-content\/uploads\/2026\/01\/image-11.png",600,600,false],"2048x2048":["https:\/\/coffeedelice.fr\/boutique\/wp-content\/uploads\/2026\/01\/image-11.png",600,600,false],"woocommerce_thumbnail":["https:\/\/coffeedelice.fr\/boutique\/wp-content\/uploads\/2026\/01\/image-11-203x203.png",203,203,true],"woocommerce_single":["https:\/\/coffeedelice.fr\/boutique\/wp-content\/uploads\/2026\/01\/image-11-400x400.png",400,400,true],"woocommerce_gallery_thumbnail":["https:\/\/coffeedelice.fr\/boutique\/wp-content\/uploads\/2026\/01\/image-11-100x100.png",100,100,true]},"uagb_author_info":{"display_name":"salleqg.83","author_link":"https:\/\/coffeedelice.fr\/boutique\/author\/"},"uagb_comment_info":0,"uagb_excerpt":"Une couleur de tasse brun cuivr\u00e9 fonc\u00e9 et un bouquet plein d\u2019\u00e9pices.Un th\u00e9 noir English Breakfast au caract\u00e8re intense et g\u00e9n\u00e9reux, \u00e0 la liqueur riche et profonde. Puissant et \u00e9quilibr\u00e9, il offre une tasse cors\u00e9e, id\u00e9ale pour bien d\u00e9marrer la journ\u00e9e, nature ou avec un nuage de lait.","jetpack_sharing_enabled":true,"_links":{"self":[{"href":"https:\/\/coffeedelice.fr\/boutique\/wp-json\/wp\/v2\/product\/5644","targetHints":{"allow":["GET"]}}],"collection":[{"href":"https:\/\/coffeedelice.fr\/boutique\/wp-json\/wp\/v2\/product"}],"about":[{"href":"https:\/\/coffeedelice.fr\/boutique\/wp-json\/wp\/v2\/types\/product"}],"replies":[{"embeddable":true,"href":"https:\/\/coffeedelice.fr\/boutique\/wp-json\/wp\/v2\/comments?post=5644"}],"wp:featuredmedia":[{"embeddable":true,"href":"https:\/\/coffeedelice.fr\/boutique\/wp-json\/wp\/v2\/media\/5822"}],"wp:attachment":[{"href":"https:\/\/coffeedelice.fr\/boutique\/wp-json\/wp\/v2\/media?parent=5644"}],"wp:term":[{"taxonomy":"product_brand","embeddable":true,"href":"https:\/\/coffeedelice.fr\/boutique\/wp-json\/wp\/v2\/product_brand?post=5644"},{"taxonomy":"product_cat","embeddable":true,"href":"https:\/\/coffeedelice.fr\/boutique\/wp-json\/wp\/v2\/product_cat?post=5644"},{"taxonomy":"product_tag","embeddable":true,"href":"https:\/\/coffeedelice.fr\/boutique\/wp-json\/wp\/v2\/product_tag?post=5644"}],"curies":[{"name":"wp","href":"https:\/\/api.w.org\/{rel}","templated":true}]}}