{"id":5645,"date":"2026-01-23T21:07:45","date_gmt":"2026-01-23T21:07:45","guid":{"rendered":"https:\/\/coffeedelice.fr\/boutique\/?post_type=product&#038;p=5645"},"modified":"2026-01-24T03:22:35","modified_gmt":"2026-01-24T03:22:35","slug":"the-noir-pu-erh-orange","status":"publish","type":"product","link":"https:\/\/coffeedelice.fr\/boutique\/product\/the-noir-pu-erh-orange\/","title":{"rendered":"Th\u00e9 noir \u2013 Pu erh orange"},"content":{"rendered":"<p>Th\u00e9 noir Pu Erh, citron vert, orange, zeste de citron.<br data-start=\"54\" data-end=\"57\" \/>Une infusion au caract\u00e8re profond et enveloppant, \u00e9quilibr\u00e9e par des notes d\u2019agrumes fra\u00eeches et l\u00e9g\u00e8rement acidul\u00e9es. Le Pu Erh apporte rondeur et intensit\u00e9, tandis que le citron vert et le zeste de citron r\u00e9veillent la tasse avec une fra\u00eecheur vive et tonique.<\/p>\n","protected":false},"excerpt":{"rendered":"<p>Th\u00e9 noir Pu Erh, citron vert, orange, zeste de citron.Une infusion au caract\u00e8re profond et enveloppant, \u00e9quilibr\u00e9e par des notes d\u2019agrumes fra\u00eeches et l\u00e9g\u00e8rement acidul\u00e9es. Le Pu Erh apporte rondeur et intensit\u00e9, tandis que le citron vert et le zeste de citron r\u00e9veillent la tasse avec une fra\u00eecheur vive et tonique.<\/p>\n","protected":false},"featured_media":5828,"comment_status":"open","ping_status":"closed","template":"","meta":{"_uag_custom_page_level_css":"","site-sidebar-layout":"default","site-content-layout":"","ast-site-content-layout":"default","site-content-style":"default","site-sidebar-style":"default","ast-global-header-display":"","ast-banner-title-visibility":"","ast-main-header-display":"","ast-hfb-above-header-display":"","ast-hfb-below-header-display":"","ast-hfb-mobile-header-display":"","site-post-title":"","ast-breadcrumbs-content":"","ast-featured-img":"","footer-sml-layout":"","ast-disable-related-posts":"","theme-transparent-header-meta":"default","adv-header-id-meta":"","stick-header-meta":"","header-above-stick-meta":"","header-main-stick-meta":"","header-below-stick-meta":"","astra-migrate-meta-layouts":"set","ast-page-background-enabled":"default","ast-page-background-meta":{"desktop":{"background-color":"","background-image":"","background-repeat":"repeat","background-position":"center center","background-size":"auto","background-attachment":"scroll","background-type":"","background-media":"","overlay-type":"","overlay-color":"","overlay-opacity":"","overlay-gradient":""},"tablet":{"background-color":"","background-image":"","background-repeat":"repeat","background-position":"center center","background-size":"auto","background-attachment":"scroll","background-type":"","background-media":"","overlay-type":"","overlay-color":"","overlay-opacity":"","overlay-gradient":""},"mobile":{"background-color":"","background-image":"","background-repeat":"repeat","background-position":"center center","background-size":"auto","background-attachment":"scroll","background-type":"","background-media":"","overlay-type":"","overlay-color":"","overlay-opacity":"","overlay-gradient":""}},"ast-content-background-meta":{"desktop":{"background-color":"var(--ast-global-color-5)","background-image":"","background-repeat":"repeat","background-position":"center center","background-size":"auto","background-attachment":"scroll","background-type":"","background-media":"","overlay-type":"","overlay-color":"","overlay-opacity":"","overlay-gradient":""},"tablet":{"background-color":"var(--ast-global-color-5)","background-image":"","background-repeat":"repeat","background-position":"center center","background-size":"auto","background-attachment":"scroll","background-type":"","background-media":"","overlay-type":"","overlay-color":"","overlay-opacity":"","overlay-gradient":""},"mobile":{"background-color":"var(--ast-global-color-5)","background-image":"","background-repeat":"repeat","background-position":"center center","background-size":"auto","background-attachment":"scroll","background-type":"","background-media":"","overlay-type":"","overlay-color":"","overlay-opacity":"","overlay-gradient":""}}},"product_brand":[],"product_cat":[45,35],"product_tag":[],"class_list":{"0":"post-5645","1":"product","2":"type-product","3":"status-publish","4":"has-post-thumbnail","6":"product_cat-the-noir","7":"product_cat-thes-et-infusions","8":"desktop-align-center","9":"tablet-align-center","10":"mobile-align-center","12":"first","13":"instock","14":"sold-individually","15":"taxable","16":"shipping-taxable","17":"purchasable","18":"product-type-variable"},"uagb_featured_image_src":{"full":["https:\/\/coffeedelice.fr\/boutique\/wp-content\/uploads\/2026\/01\/image-12.png",1624,1582,false],"thumbnail":["https:\/\/coffeedelice.fr\/boutique\/wp-content\/uploads\/2026\/01\/image-12-150x150.png",150,150,true],"medium":["https:\/\/coffeedelice.fr\/boutique\/wp-content\/uploads\/2026\/01\/image-12-300x292.png",300,292,true],"medium_large":["https:\/\/coffeedelice.fr\/boutique\/wp-content\/uploads\/2026\/01\/image-12-768x748.png",768,748,true],"large":["https:\/\/coffeedelice.fr\/boutique\/wp-content\/uploads\/2026\/01\/image-12-1024x998.png",1024,998,true],"1536x1536":["https:\/\/coffeedelice.fr\/boutique\/wp-content\/uploads\/2026\/01\/image-12-1536x1496.png",1536,1496,true],"2048x2048":["https:\/\/coffeedelice.fr\/boutique\/wp-content\/uploads\/2026\/01\/image-12.png",1624,1582,false],"woocommerce_thumbnail":["https:\/\/coffeedelice.fr\/boutique\/wp-content\/uploads\/2026\/01\/image-12-203x203.png",203,203,true],"woocommerce_single":["https:\/\/coffeedelice.fr\/boutique\/wp-content\/uploads\/2026\/01\/image-12-400x390.png",400,390,true],"woocommerce_gallery_thumbnail":["https:\/\/coffeedelice.fr\/boutique\/wp-content\/uploads\/2026\/01\/image-12-100x100.png",100,100,true]},"uagb_author_info":{"display_name":"salleqg.83","author_link":"https:\/\/coffeedelice.fr\/boutique\/author\/"},"uagb_comment_info":0,"uagb_excerpt":"Th\u00e9 noir Pu Erh, citron vert, orange, zeste de citron.Une infusion au caract\u00e8re profond et enveloppant, \u00e9quilibr\u00e9e par des notes d\u2019agrumes fra\u00eeches et l\u00e9g\u00e8rement acidul\u00e9es. Le Pu Erh apporte rondeur et intensit\u00e9, tandis que le citron vert et le zeste de citron r\u00e9veillent la tasse avec une fra\u00eecheur vive et tonique.","jetpack_sharing_enabled":true,"_links":{"self":[{"href":"https:\/\/coffeedelice.fr\/boutique\/wp-json\/wp\/v2\/product\/5645","targetHints":{"allow":["GET"]}}],"collection":[{"href":"https:\/\/coffeedelice.fr\/boutique\/wp-json\/wp\/v2\/product"}],"about":[{"href":"https:\/\/coffeedelice.fr\/boutique\/wp-json\/wp\/v2\/types\/product"}],"replies":[{"embeddable":true,"href":"https:\/\/coffeedelice.fr\/boutique\/wp-json\/wp\/v2\/comments?post=5645"}],"wp:featuredmedia":[{"embeddable":true,"href":"https:\/\/coffeedelice.fr\/boutique\/wp-json\/wp\/v2\/media\/5828"}],"wp:attachment":[{"href":"https:\/\/coffeedelice.fr\/boutique\/wp-json\/wp\/v2\/media?parent=5645"}],"wp:term":[{"taxonomy":"product_brand","embeddable":true,"href":"https:\/\/coffeedelice.fr\/boutique\/wp-json\/wp\/v2\/product_brand?post=5645"},{"taxonomy":"product_cat","embeddable":true,"href":"https:\/\/coffeedelice.fr\/boutique\/wp-json\/wp\/v2\/product_cat?post=5645"},{"taxonomy":"product_tag","embeddable":true,"href":"https:\/\/coffeedelice.fr\/boutique\/wp-json\/wp\/v2\/product_tag?post=5645"}],"curies":[{"name":"wp","href":"https:\/\/api.w.org\/{rel}","templated":true}]}}