{"id":5649,"date":"2026-01-23T21:07:47","date_gmt":"2026-01-23T21:07:47","guid":{"rendered":"https:\/\/coffeedelice.fr\/boutique\/?post_type=product&#038;p=5649"},"modified":"2026-01-29T17:07:45","modified_gmt":"2026-01-29T17:07:45","slug":"the-vert-peche-nectarine","status":"publish","type":"product","link":"https:\/\/coffeedelice.fr\/boutique\/product\/the-vert-peche-nectarine\/","title":{"rendered":"Th\u00e9 vert \u2013 P\u00eache nectarine"},"content":{"rendered":"<p>Doux comme les nectarines, et juteux comme les p\u00eaches m\u00fbres. En plus des d\u00e9licieux morceaux de fruits, nous avons invit\u00e9 des fleurs color\u00e9es \u00e0 se joindre \u00e0 nous. Quelle abeille n\u2019aimerait pas prendre une gorg\u00e9e de ce nectar ?<\/p>\n","protected":false},"excerpt":{"rendered":"<p>Doux comme les nectarines, et juteux comme les p\u00eaches m\u00fbres. En plus des d\u00e9licieux morceaux de fruits, nous avons invit\u00e9 des fleurs color\u00e9es \u00e0 se joindre \u00e0 nous. Quelle abeille n\u2019aimerait pas prendre une gorg\u00e9e de ce nectar ?<\/p>\n","protected":false},"featured_media":5663,"comment_status":"open","ping_status":"closed","template":"","meta":{"_uag_custom_page_level_css":"","site-sidebar-layout":"default","site-content-layout":"","ast-site-content-layout":"default","site-content-style":"default","site-sidebar-style":"default","ast-global-header-display":"","ast-banner-title-visibility":"","ast-main-header-display":"","ast-hfb-above-header-display":"","ast-hfb-below-header-display":"","ast-hfb-mobile-header-display":"","site-post-title":"","ast-breadcrumbs-content":"","ast-featured-img":"","footer-sml-layout":"","ast-disable-related-posts":"","theme-transparent-header-meta":"default","adv-header-id-meta":"","stick-header-meta":"","header-above-stick-meta":"","header-main-stick-meta":"","header-below-stick-meta":"","astra-migrate-meta-layouts":"set","ast-page-background-enabled":"default","ast-page-background-meta":{"desktop":{"background-color":"","background-image":"","background-repeat":"repeat","background-position":"center center","background-size":"auto","background-attachment":"scroll","background-type":"","background-media":"","overlay-type":"","overlay-color":"","overlay-opacity":"","overlay-gradient":""},"tablet":{"background-color":"","background-image":"","background-repeat":"repeat","background-position":"center center","background-size":"auto","background-attachment":"scroll","background-type":"","background-media":"","overlay-type":"","overlay-color":"","overlay-opacity":"","overlay-gradient":""},"mobile":{"background-color":"","background-image":"","background-repeat":"repeat","background-position":"center center","background-size":"auto","background-attachment":"scroll","background-type":"","background-media":"","overlay-type":"","overlay-color":"","overlay-opacity":"","overlay-gradient":""}},"ast-content-background-meta":{"desktop":{"background-color":"var(--ast-global-color-5)","background-image":"","background-repeat":"repeat","background-position":"center center","background-size":"auto","background-attachment":"scroll","background-type":"","background-media":"","overlay-type":"","overlay-color":"","overlay-opacity":"","overlay-gradient":""},"tablet":{"background-color":"var(--ast-global-color-5)","background-image":"","background-repeat":"repeat","background-position":"center center","background-size":"auto","background-attachment":"scroll","background-type":"","background-media":"","overlay-type":"","overlay-color":"","overlay-opacity":"","overlay-gradient":""},"mobile":{"background-color":"var(--ast-global-color-5)","background-image":"","background-repeat":"repeat","background-position":"center center","background-size":"auto","background-attachment":"scroll","background-type":"","background-media":"","overlay-type":"","overlay-color":"","overlay-opacity":"","overlay-gradient":""}}},"product_brand":[],"product_cat":[39,35],"product_tag":[],"class_list":{"0":"post-5649","1":"product","2":"type-product","3":"status-publish","4":"has-post-thumbnail","6":"product_cat-the-vert","7":"product_cat-thes-et-infusions","8":"desktop-align-center","9":"tablet-align-center","10":"mobile-align-center","12":"first","13":"instock","14":"sold-individually","15":"taxable","16":"shipping-taxable","17":"purchasable","18":"product-type-variable"},"uagb_featured_image_src":{"full":["https:\/\/coffeedelice.fr\/boutique\/wp-content\/uploads\/2026\/01\/e1a54d15-bbf0-466e-bacf-4939817f7a15.png",1024,1024,false],"thumbnail":["https:\/\/coffeedelice.fr\/boutique\/wp-content\/uploads\/2026\/01\/e1a54d15-bbf0-466e-bacf-4939817f7a15-150x150.png",150,150,true],"medium":["https:\/\/coffeedelice.fr\/boutique\/wp-content\/uploads\/2026\/01\/e1a54d15-bbf0-466e-bacf-4939817f7a15-300x300.png",300,300,true],"medium_large":["https:\/\/coffeedelice.fr\/boutique\/wp-content\/uploads\/2026\/01\/e1a54d15-bbf0-466e-bacf-4939817f7a15-768x768.png",768,768,true],"large":["https:\/\/coffeedelice.fr\/boutique\/wp-content\/uploads\/2026\/01\/e1a54d15-bbf0-466e-bacf-4939817f7a15.png",1024,1024,false],"1536x1536":["https:\/\/coffeedelice.fr\/boutique\/wp-content\/uploads\/2026\/01\/e1a54d15-bbf0-466e-bacf-4939817f7a15.png",1024,1024,false],"2048x2048":["https:\/\/coffeedelice.fr\/boutique\/wp-content\/uploads\/2026\/01\/e1a54d15-bbf0-466e-bacf-4939817f7a15.png",1024,1024,false],"woocommerce_thumbnail":["https:\/\/coffeedelice.fr\/boutique\/wp-content\/uploads\/2026\/01\/e1a54d15-bbf0-466e-bacf-4939817f7a15-203x203.png",203,203,true],"woocommerce_single":["https:\/\/coffeedelice.fr\/boutique\/wp-content\/uploads\/2026\/01\/e1a54d15-bbf0-466e-bacf-4939817f7a15-400x400.png",400,400,true],"woocommerce_gallery_thumbnail":["https:\/\/coffeedelice.fr\/boutique\/wp-content\/uploads\/2026\/01\/e1a54d15-bbf0-466e-bacf-4939817f7a15-100x100.png",100,100,true]},"uagb_author_info":{"display_name":"salleqg.83","author_link":"https:\/\/coffeedelice.fr\/boutique\/author\/"},"uagb_comment_info":0,"uagb_excerpt":"Doux comme les nectarines, et juteux comme les p\u00eaches m\u00fbres. En plus des d\u00e9licieux morceaux de fruits, nous avons invit\u00e9 des fleurs color\u00e9es \u00e0 se joindre \u00e0 nous. Quelle abeille n\u2019aimerait pas prendre une gorg\u00e9e de ce nectar ?","jetpack_sharing_enabled":true,"_links":{"self":[{"href":"https:\/\/coffeedelice.fr\/boutique\/wp-json\/wp\/v2\/product\/5649","targetHints":{"allow":["GET"]}}],"collection":[{"href":"https:\/\/coffeedelice.fr\/boutique\/wp-json\/wp\/v2\/product"}],"about":[{"href":"https:\/\/coffeedelice.fr\/boutique\/wp-json\/wp\/v2\/types\/product"}],"replies":[{"embeddable":true,"href":"https:\/\/coffeedelice.fr\/boutique\/wp-json\/wp\/v2\/comments?post=5649"}],"wp:featuredmedia":[{"embeddable":true,"href":"https:\/\/coffeedelice.fr\/boutique\/wp-json\/wp\/v2\/media\/5663"}],"wp:attachment":[{"href":"https:\/\/coffeedelice.fr\/boutique\/wp-json\/wp\/v2\/media?parent=5649"}],"wp:term":[{"taxonomy":"product_brand","embeddable":true,"href":"https:\/\/coffeedelice.fr\/boutique\/wp-json\/wp\/v2\/product_brand?post=5649"},{"taxonomy":"product_cat","embeddable":true,"href":"https:\/\/coffeedelice.fr\/boutique\/wp-json\/wp\/v2\/product_cat?post=5649"},{"taxonomy":"product_tag","embeddable":true,"href":"https:\/\/coffeedelice.fr\/boutique\/wp-json\/wp\/v2\/product_tag?post=5649"}],"curies":[{"name":"wp","href":"https:\/\/api.w.org\/{rel}","templated":true}]}}