{"id":5884,"date":"2026-01-26T02:06:02","date_gmt":"2026-01-26T02:06:02","guid":{"rendered":"https:\/\/coffeedelice.fr\/boutique\/product\/cafe-guatemala\/"},"modified":"2026-01-27T03:28:23","modified_gmt":"2026-01-27T03:28:23","slug":"cafe-guatemala","status":"publish","type":"product","link":"https:\/\/coffeedelice.fr\/boutique\/product\/cafe-guatemala\/","title":{"rendered":"Caf\u00e9 Guatemala"},"content":{"rendered":"<p>Caract\u00e8re affirm\u00e9 et corps puissant. Notes \u00e9pic\u00e9es, cacao, fruits rouges. Intensit\u00e9 : \u25cf\u25cf\u25cf\u25cf\u25cb<\/p>\n","protected":false},"excerpt":{"rendered":"<p>Caract\u00e8re affirm\u00e9 et corps puissant. Notes \u00e9pic\u00e9es, cacao, fruits rouges. Intensit\u00e9 : \u25cf\u25cf\u25cf\u25cf\u25cb<\/p>\n","protected":false},"featured_media":5961,"comment_status":"open","ping_status":"closed","template":"","meta":{"_uag_custom_page_level_css":"","site-sidebar-layout":"default","site-content-layout":"","ast-site-content-layout":"default","site-content-style":"default","site-sidebar-style":"default","ast-global-header-display":"","ast-banner-title-visibility":"","ast-main-header-display":"","ast-hfb-above-header-display":"","ast-hfb-below-header-display":"","ast-hfb-mobile-header-display":"","site-post-title":"","ast-breadcrumbs-content":"","ast-featured-img":"","footer-sml-layout":"","ast-disable-related-posts":"","theme-transparent-header-meta":"default","adv-header-id-meta":"","stick-header-meta":"","header-above-stick-meta":"","header-main-stick-meta":"","header-below-stick-meta":"","astra-migrate-meta-layouts":"set","ast-page-background-enabled":"default","ast-page-background-meta":{"desktop":{"background-color":"","background-image":"","background-repeat":"repeat","background-position":"center center","background-size":"auto","background-attachment":"scroll","background-type":"","background-media":"","overlay-type":"","overlay-color":"","overlay-opacity":"","overlay-gradient":""},"tablet":{"background-color":"","background-image":"","background-repeat":"repeat","background-position":"center center","background-size":"auto","background-attachment":"scroll","background-type":"","background-media":"","overlay-type":"","overlay-color":"","overlay-opacity":"","overlay-gradient":""},"mobile":{"background-color":"","background-image":"","background-repeat":"repeat","background-position":"center center","background-size":"auto","background-attachment":"scroll","background-type":"","background-media":"","overlay-type":"","overlay-color":"","overlay-opacity":"","overlay-gradient":""}},"ast-content-background-meta":{"desktop":{"background-color":"var(--ast-global-color-5)","background-image":"","background-repeat":"repeat","background-position":"center center","background-size":"auto","background-attachment":"scroll","background-type":"","background-media":"","overlay-type":"","overlay-color":"","overlay-opacity":"","overlay-gradient":""},"tablet":{"background-color":"var(--ast-global-color-5)","background-image":"","background-repeat":"repeat","background-position":"center center","background-size":"auto","background-attachment":"scroll","background-type":"","background-media":"","overlay-type":"","overlay-color":"","overlay-opacity":"","overlay-gradient":""},"mobile":{"background-color":"var(--ast-global-color-5)","background-image":"","background-repeat":"repeat","background-position":"center center","background-size":"auto","background-attachment":"scroll","background-type":"","background-media":"","overlay-type":"","overlay-color":"","overlay-opacity":"","overlay-gradient":""}}},"product_brand":[],"product_cat":[41],"product_tag":[],"class_list":{"0":"post-5884","1":"product","2":"type-product","3":"status-publish","4":"has-post-thumbnail","6":"product_cat-cafes","7":"desktop-align-center","8":"tablet-align-center","9":"mobile-align-center","11":"first","12":"instock","13":"taxable","14":"shipping-taxable","15":"purchasable","16":"product-type-variable"},"uagb_featured_image_src":{"full":["https:\/\/coffeedelice.fr\/boutique\/wp-content\/uploads\/2026\/01\/image-25.png",1024,1024,false],"thumbnail":["https:\/\/coffeedelice.fr\/boutique\/wp-content\/uploads\/2026\/01\/image-25-150x150.png",150,150,true],"medium":["https:\/\/coffeedelice.fr\/boutique\/wp-content\/uploads\/2026\/01\/image-25-300x300.png",300,300,true],"medium_large":["https:\/\/coffeedelice.fr\/boutique\/wp-content\/uploads\/2026\/01\/image-25-768x768.png",768,768,true],"large":["https:\/\/coffeedelice.fr\/boutique\/wp-content\/uploads\/2026\/01\/image-25.png",1024,1024,false],"1536x1536":["https:\/\/coffeedelice.fr\/boutique\/wp-content\/uploads\/2026\/01\/image-25.png",1024,1024,false],"2048x2048":["https:\/\/coffeedelice.fr\/boutique\/wp-content\/uploads\/2026\/01\/image-25.png",1024,1024,false],"woocommerce_thumbnail":["https:\/\/coffeedelice.fr\/boutique\/wp-content\/uploads\/2026\/01\/image-25-203x203.png",203,203,true],"woocommerce_single":["https:\/\/coffeedelice.fr\/boutique\/wp-content\/uploads\/2026\/01\/image-25-400x400.png",400,400,true],"woocommerce_gallery_thumbnail":["https:\/\/coffeedelice.fr\/boutique\/wp-content\/uploads\/2026\/01\/image-25-100x100.png",100,100,true]},"uagb_author_info":{"display_name":"salleqg.83","author_link":"https:\/\/coffeedelice.fr\/boutique\/author\/"},"uagb_comment_info":0,"uagb_excerpt":"Caract\u00e8re affirm\u00e9 et corps puissant. Notes \u00e9pic\u00e9es, cacao, fruits rouges. Intensit\u00e9 : \u25cf\u25cf\u25cf\u25cf\u25cb","jetpack_sharing_enabled":true,"_links":{"self":[{"href":"https:\/\/coffeedelice.fr\/boutique\/wp-json\/wp\/v2\/product\/5884","targetHints":{"allow":["GET"]}}],"collection":[{"href":"https:\/\/coffeedelice.fr\/boutique\/wp-json\/wp\/v2\/product"}],"about":[{"href":"https:\/\/coffeedelice.fr\/boutique\/wp-json\/wp\/v2\/types\/product"}],"replies":[{"embeddable":true,"href":"https:\/\/coffeedelice.fr\/boutique\/wp-json\/wp\/v2\/comments?post=5884"}],"wp:featuredmedia":[{"embeddable":true,"href":"https:\/\/coffeedelice.fr\/boutique\/wp-json\/wp\/v2\/media\/5961"}],"wp:attachment":[{"href":"https:\/\/coffeedelice.fr\/boutique\/wp-json\/wp\/v2\/media?parent=5884"}],"wp:term":[{"taxonomy":"product_brand","embeddable":true,"href":"https:\/\/coffeedelice.fr\/boutique\/wp-json\/wp\/v2\/product_brand?post=5884"},{"taxonomy":"product_cat","embeddable":true,"href":"https:\/\/coffeedelice.fr\/boutique\/wp-json\/wp\/v2\/product_cat?post=5884"},{"taxonomy":"product_tag","embeddable":true,"href":"https:\/\/coffeedelice.fr\/boutique\/wp-json\/wp\/v2\/product_tag?post=5884"}],"curies":[{"name":"wp","href":"https:\/\/api.w.org\/{rel}","templated":true}]}}